{"id":134,"date":"2021-03-06T11:08:58","date_gmt":"2021-03-06T11:08:58","guid":{"rendered":"http:\/\/erf.untz.ba\/web\/?page_id=134"},"modified":"2026-01-07T21:56:05","modified_gmt":"2026-01-07T21:56:05","slug":"unapredenjekvalitetezivota","status":"publish","type":"page","link":"http:\/\/erf.untz.ba\/web\/unapredenjekvalitetezivota\/","title":{"rendered":"XVII Me\u0111unarodna nau\u010dno-stru\u010dna konferencija"},"content":{"rendered":"\t\t<div data-elementor-type=\"post\" data-elementor-id=\"134\" class=\"elementor elementor-134\" data-elementor-settings=\"[]\">\n\t\t\t<div class=\"elementor-inner\">\n\t\t\t\t<div class=\"elementor-section-wrap\">\n\t\t\t\t\t\t\t<section class=\"elementor-element elementor-element-e7fd40b elementor-section-boxed elementor-section-height-default elementor-section-height-default elementor-section elementor-top-section\" data-id=\"e7fd40b\" data-element_type=\"section\">\n\t\t\t\t\t\t<div class=\"elementor-container elementor-column-gap-default\">\n\t\t\t\t<div class=\"elementor-row\">\n\t\t\t\t<div class=\"elementor-element elementor-element-1bedcf0 elementor-column elementor-col-100 elementor-top-column\" data-id=\"1bedcf0\" data-element_type=\"column\">\n\t\t\t<div class=\"elementor-column-wrap  elementor-element-populated\">\n\t\t\t\t\t<div class=\"elementor-widget-wrap\">\n\t\t\t\t<div class=\"elementor-element elementor-element-89085c6 elementor-invisible elementor-widget elementor-widget-heading\" data-id=\"89085c6\" data-element_type=\"widget\" data-settings=\"{&quot;_animation&quot;:&quot;fadeInDown&quot;}\" data-widget_type=\"heading.default\">\n\t\t\t\t<div class=\"elementor-widget-container\">\n\t\t\t<h2 class=\"elementor-heading-title elementor-size-default\">Udru\u017eenje za podr\u0161ku i kreativni razvoj djece i mladih<br> i <br> Edukacijsko-rehabilitacijski fakultet<br> organizuju <br>XVII Me\u0111unarodnu nau\u010dno-stru\u010dnu konferenciju<\/h2>\t\t<\/div>\n\t\t\t\t<\/div>\n\t\t\t\t<section class=\"elementor-element elementor-element-d4e811e elementor-section-boxed elementor-section-height-default elementor-section-height-default elementor-section elementor-inner-section\" data-id=\"d4e811e\" data-element_type=\"section\">\n\t\t\t\t\t\t<div class=\"elementor-container elementor-column-gap-default\">\n\t\t\t\t<div class=\"elementor-row\">\n\t\t\t\t<div class=\"elementor-element elementor-element-c7dc585 elementor-column elementor-col-50 elementor-inner-column\" data-id=\"c7dc585\" data-element_type=\"column\">\n\t\t\t<div class=\"elementor-column-wrap  elementor-element-populated\">\n\t\t\t\t\t<div class=\"elementor-widget-wrap\">\n\t\t\t\t<div class=\"elementor-element elementor-element-4aac7d6 elementor-widget elementor-widget-text-editor\" data-id=\"4aac7d6\" data-element_type=\"widget\" data-widget_type=\"text-editor.default\">\n\t\t\t\t<div class=\"elementor-widget-container\">\n\t\t\t\t\t<div class=\"elementor-text-editor elementor-clearfix\"><p style=\"text-align: center;\"><span style=\"font-size: 14pt;\"><strong>\u00a0 \u00a0 \u00a0 \u00a0 \u00a0 Poziv se mo\u017ee prona\u0107i na sljede\u0107em\u00a0<\/strong>\u00a0 \u00a0 \u00a0 \u00a0 \u00a0<\/span><a href=\"http:\/\/erf.untz.ba\/web\/wp-content\/uploads\/2026\/01\/Poziv_2026-Zlatibor.pdf\"><span style=\"font-size: 14pt;\"><strong><span style=\"color: #993300; font-size: 18pt;\">L I N K U<\/span><\/strong><\/span><\/a><\/p><\/div>\n\t\t\t\t<\/div>\n\t\t\t\t<\/div>\n\t\t\t\t\t\t<\/div>\n\t\t\t<\/div>\n\t\t<\/div>\n\t\t\t\t<div class=\"elementor-element elementor-element-3b3bc05 elementor-column elementor-col-50 elementor-inner-column\" data-id=\"3b3bc05\" data-element_type=\"column\">\n\t\t\t<div class=\"elementor-column-wrap  elementor-element-populated\">\n\t\t\t\t\t<div class=\"elementor-widget-wrap\">\n\t\t\t\t<div class=\"elementor-element elementor-element-4291a86 elementor-widget elementor-widget-text-editor\" data-id=\"4291a86\" data-element_type=\"widget\" data-widget_type=\"text-editor.default\">\n\t\t\t\t<div class=\"elementor-widget-container\">\n\t\t\t\t\t<div class=\"elementor-text-editor elementor-clearfix\"><p style=\"text-align: center;\"><span style=\"font-size: 14pt;\"><strong>Prijavni obrazac se mo\u017ee prona\u0107i na sljede\u0107em<a href=\"http:\/\/erf.untz.ba\/web\/wp-content\/uploads\/2026\/01\/Prijavni-obrazac_2026_Zlatibor.doc\"><span style=\"color: #993300; font-size: 18pt;\"> L I N K U<\/span><\/a><\/strong><\/span><\/p><\/div>\n\t\t\t\t<\/div>\n\t\t\t\t<\/div>\n\t\t\t\t\t\t<\/div>\n\t\t\t<\/div>\n\t\t<\/div>\n\t\t\t\t\t\t<\/div>\n\t\t\t<\/div>\n\t\t<\/section>\n\t\t\t\t\t\t<\/div>\n\t\t\t<\/div>\n\t\t<\/div>\n\t\t\t\t\t\t<\/div>\n\t\t\t<\/div>\n\t\t<\/section>\n\t\t\t\t<section class=\"elementor-element elementor-element-05e1aef elementor-section-boxed elementor-section-height-default elementor-section-height-default elementor-section elementor-top-section\" data-id=\"05e1aef\" data-element_type=\"section\">\n\t\t\t\t\t\t<div class=\"elementor-container elementor-column-gap-default\">\n\t\t\t\t<div class=\"elementor-row\">\n\t\t\t\t<div class=\"elementor-element elementor-element-49e37cf elementor-column elementor-col-100 elementor-top-column\" data-id=\"49e37cf\" data-element_type=\"column\">\n\t\t\t<div class=\"elementor-column-wrap  elementor-element-populated\">\n\t\t\t\t\t<div class=\"elementor-widget-wrap\">\n\t\t\t\t<div class=\"elementor-element elementor-element-51de081 elementor-widget elementor-widget-text-editor\" data-id=\"51de081\" data-element_type=\"widget\" data-widget_type=\"text-editor.default\">\n\t\t\t\t<div class=\"elementor-widget-container\">\n\t\t\t\t\t<div class=\"elementor-text-editor elementor-clearfix\"><p style=\"text-align: center;\"><span style=\"font-size: 14pt;\"><strong>Informacije o mjestu odr\u017eavanja konferencije mogu se prona\u0107i na sljede\u0107em <a href=\"http:\/\/erf.untz.ba\/web\/wp-content\/uploads\/2024\/12\/Inormacije-o-mjestu-odrzavanja-konferencije-2.docx\"><span style=\"color: #993300;\">L I N K U<\/span><\/a><\/strong><\/span><\/p><\/div>\n\t\t\t\t<\/div>\n\t\t\t\t<\/div>\n\t\t\t\t<div class=\"elementor-element elementor-element-f51cc17 elementor-widget elementor-widget-text-editor\" data-id=\"f51cc17\" data-element_type=\"widget\" data-widget_type=\"text-editor.default\">\n\t\t\t\t<div class=\"elementor-widget-container\">\n\t\t\t\t\t<div class=\"elementor-text-editor elementor-clearfix\"><p style=\"text-align: justify;\"><span style=\"font-size: 18.6667px;\"><strong><span style=\"color: #993300;\">Udru\u017eenje za podr\u0161ku i kreativni razvoj djece i mladih<\/span><\/strong> i <span style=\"color: #993300;\"><strong>Edukacijsko-rehabilitacijski fakultet<\/strong><\/span> organizuju XVII Me\u0111unarodnu nau\u010dno-stru\u010dnu konferenciju koja \u0107e se odr\u017eati od 25.-28. juna 2026. godine u Zlatiboru,\u00a0 Srbija.<\/span><\/p><p><span style=\"font-size: 18.6667px;\">\u00a0<span style=\"color: #993300;\"><strong>TEME KONFERENCIJE:<\/strong><\/span><\/span><\/p><ul><li><span style=\"font-size: 18.6667px;\">Unapre\u0111enje kvalitete \u017eivota djece pred\u0161kolskog i \u0161kolskog uzrasta<\/span><\/li><li><span style=\"font-size: 18.6667px;\">Unapre\u0111enje kvalitete \u017eivota mladih<\/span><\/li><li><span style=\"font-size: 14pt;\">Unapre\u0111enje kvalitete \u017eivota odraslih<\/span><\/li><li><span style=\"font-size: 18.6667px;\">Unapre\u0111enje kvalitete \u017eivota djece, mladih i odraslih sa onesposobljenjem\u00a0<\/span><\/li><li><span style=\"font-size: 18.6667px;\">Slobodne teme<\/span><\/li><\/ul><p style=\"text-align: justify;\"><span style=\"font-size: 14pt;\">U okviru navedenih tema po\u017eeljno je da se kvaliteta \u017eivota obradi sa aspekta razli\u010ditih struka (odgoj i obrazovanje, pedagogija, psihologija, medicina, kineziologija, socijalni rad, defektologija, ra\u010dunarstvo, informatika, novinarstvo, pravo, sociologija,<\/span><br \/><span style=\"font-size: 14pt;\">teologija, farmacija, stomatologija i dr.).<\/span><\/p><p><span style=\"font-size: 14pt;\"><strong><span style=\"color: #993300;\">OBLICI U\u010cE\u0160\u0106A:<\/span><\/strong><\/span><\/p><ul><li><span style=\"font-size: 14pt;\">Plenarna izlaganja<\/span><\/li><li><span style=\"font-size: 14pt;\">Usmena izlaganja<\/span><\/li><li><span style=\"font-size: 14pt;\">Poster prezentacije<\/span><\/li><li><span style=\"font-size: 14pt;\">U\u010de\u0161\u0107e bez izlaganja<\/span><\/li><\/ul><p><span style=\"font-size: 14pt;\"><strong><span style=\"color: #993300;\">SLU\u017dBENI JEZICI KONFERENCIJE:<\/span><\/strong><\/span><br \/><span style=\"font-size: 14pt;\">Bosanski, srpski, hrvatski i engleski<\/span><\/p><p><span style=\"font-size: 14pt;\"><strong><span style=\"color: #993300;\">KOTIZACIJA<\/span><\/strong> u iznosu od 700,00 KM ili 385,00\u20ac uklju\u010duje:\u00a0<\/span><\/p><ul><li><span style=\"font-size: 14pt;\">Smje\u0161taj u hotelu Queen na Zlatiboru (u dvokrevetnim i trokrevetnim<\/span><br \/><span style=\"font-size: 14pt;\">sobama, a za jednokrevetne sobe doplata je u iznosu od 300,00 KM ili<\/span><br \/><span style=\"font-size: 14pt;\">155,00 \u20ac.<\/span><\/li><li><span style=\"font-size: 14pt;\">Pristup konferenciji\u00a0<\/span><\/li><li><span style=\"font-size: 14pt;\">Objavljivanje jednog rada<\/span><\/li><li><span style=\"font-size: 14pt;\">Konferencijski materijal za u\u010desnike\u00a0<\/span><\/li><li><span style=\"font-size: 14pt;\">Zbornik radova u elektronskoj formi<\/span><\/li><li><span style=\"font-size: 14pt;\">Certifikat za u\u010desnike Konferencije<\/span><\/li><\/ul><p style=\"text-align: justify;\"><strong><span style=\"font-size: 14pt;\">Kotizacija je obavezna za prvog autora, a za ostale koautore, samo ako <\/span><span style=\"font-size: 14pt;\">su u\u0109esnici Konferencije.<\/span><\/strong><\/p><p style=\"text-align: center;\"><a href=\"https:\/\/queenofzlatibor.rs\/\"><strong><span style=\"font-size: 14pt; color: #ff0000;\">Mogu\u0107e je objavljiva rada u Zborniku radova, bez prisustva na<\/span><\/strong><\/a><br \/><strong><span style=\"font-size: 14pt; color: #ff0000;\">Konferenciji i cijena objavljivanja rada iznosi 250,00 KM ili 130,00 \u20ac.<\/span><\/strong><\/p><p style=\"text-align: center;\"><span style=\"font-size: 14pt;\"><strong><span style=\"color: #993300;\">SMJE\u0160TAJ<\/span><\/strong><\/span><\/p><p style=\"text-align: justify;\"><span style=\"font-size: 14pt;\">Smje\u0161taj u hotelu \u201e<strong>Queen of Zlatibor<\/strong>\u201c <b>(<a href=\"https:\/\/queenofzlatibor.rs\/\">https:\/\/queenofzlatibor.rs\/<\/a>)<\/b><\/span><br \/><span style=\"font-size: 14pt;\">Zlatibor, Srbija, predvi\u0111en je za 25., 26., 27. i 28. 06.2026. godine.<\/span><br \/><span style=\"font-size: 14pt;\">Smje\u0161taj uklju\u010duje 4 no\u0107enja s bogatim doru\u010dkom, kori\u0161tenje wellness <\/span><span style=\"font-size: 14pt;\">centra (unutra\u0161nji bazen, saune, jacuzzi, slana soba, fitness teretana, <\/span><span style=\"font-size: 14pt;\">tepidarijumi), besplatan parking, boravi\u0161nu taxu, WI-FI i kori\u0161tenje <\/span><span style=\"font-size: 14pt;\">konferencijske sale. <\/span><span style=\"font-size: 14pt;\">\u201eKraljica Zlatibora\u201c je hotel koji s pravom nosi svoje ime, postavljaju\u0107i <\/span><span style=\"font-size: 14pt;\">nove standarde luksuza, elegancije i vrhunske usluge. Ovaj jedinstveni <\/span><span style=\"font-size: 14pt;\">kompleks pru\u017ea gostima nezaboravan boravak savr\u0161eno uklopljen u <\/span><span style=\"font-size: 14pt;\">netaknutu prirodu i prepoznatljivu atmosferu ovog planinskog dragulja. <\/span><span style=\"font-size: 14pt;\">Smje\u0161ten na izuzetnoj lokaciji, u neposrednoj blizini turisti\u010dkog centra, <\/span><span style=\"font-size: 14pt;\">hotel je okru\u017een prelijepim pejza\u017eima zlatiborske \u201eru\u017ee vjetrova\u201c, pru\u017eaju\u0107i<\/span><br \/><span style=\"font-size: 14pt;\">harmoni\u010dnu ravnote\u017eu izme\u0111u urbanog komfora i mira prirode. Sa svojim <\/span><span style=\"font-size: 14pt;\">modernim planinskim stilom, pa\u017eljivo osmi\u0161ljenim enterijerom i toplim <\/span><span style=\"font-size: 14pt;\">detaljima, hotel stvara jedinstven ambijent u kojem se elegancija i opu\u0161tanje <\/span><span style=\"font-size: 14pt;\">spajaju u savr\u0161en sklad.<\/span><\/p><p style=\"text-align: center;\"><span style=\"font-size: 14pt;\"><strong>ZNA\u010cAJNI TERMINI<\/strong><\/span><\/p><table style=\"height: 270px;\" width=\"348\"><tbody><tr style=\"height: 87px;\"><td style=\"text-align: left; height: 87px; width: 239.762px;\"><p><span style=\"font-size: 14pt;\">Prijava za u\u010de\u0161\u0107e i slanje apstrakta rada\u00a0 \u00a0 \u00a0 \u00a0 \u00a0 \u00a0 \u00a0 \u00a0 \u00a0 \u00a0 \u00a0\u00a0<\/span><\/p><\/td><td style=\"height: 87px; width: 101.287px;\"><p><span style=\"font-size: 14pt;\">do 28.02.2026.<\/span><\/p><\/td><\/tr><tr style=\"height: 87px;\"><td style=\"text-align: left; height: 87px; width: 239.762px;\"><p><span style=\"font-size: 14pt;\">Obavijest o prihvatanju rada\u00a0\u00a0\u00a0\u00a0\u00a0\u00a0\u00a0\u00a0\u00a0\u00a0\u00a0\u00a0\u00a0\u00a0\u00a0\u00a0\u00a0\u00a0\u00a0\u00a0\u00a0\u00a0\u00a0\u00a0\u00a0\u00a0\u00a0\u00a0\u00a0\u00a0\u00a0\u00a0\u00a0\u00a0\u00a0\u00a0\u00a0\u00a0\u00a0\u00a0\u00a0\u00a0\u00a0\u00a0\u00a0<\/span><\/p><\/td><td style=\"height: 87px; width: 101.287px;\"><p><span style=\"font-size: 14pt;\">do 03.03.2026.<\/span><\/p><\/td><\/tr><tr style=\"height: 115px;\"><td style=\"text-align: left; height: 35px; width: 239.762px;\"><p><span style=\"font-size: 14pt;\">Uplata smje\u0161taja\u00a0 i kotizacije\u00a0 \u00a0\u00a0<\/span><\/p><\/td><td style=\"height: 35px; width: 101.287px;\"><p><span style=\"font-size: 14pt;\">do 20.03.2026.<\/span><\/p><\/td><\/tr><tr style=\"height: 10px;\"><td style=\"text-align: left; height: 10px; width: 239.762px;\"><span style=\"font-size: 18.6667px;\">Slanje kompletnih radova<\/span><\/td><td style=\"height: 10px; width: 101.287px;\"><span style=\"font-size: 18.6667px;\">\u00a0do 20.04.2026.\u00a0<\/span><\/td><\/tr><tr style=\"height: 27px;\"><td style=\"text-align: left; height: 27px; width: 239.762px;\"><span style=\"font-size: 18.6667px;\">\u00a0<\/span><\/td><td style=\"height: 27px; width: 101.287px;\">\u00a0<\/td><\/tr><tr style=\"height: 24px;\"><td style=\"text-align: left; height: 24px; width: 239.762px;\">\u00a0<\/td><td style=\"height: 24px; width: 101.287px;\">\u00a0<\/td><\/tr><\/tbody><\/table><p style=\"text-align: center;\"><span style=\"font-size: 14pt;\"><strong>NA\u010cIN UPLATE<\/strong><\/span><\/p><p style=\"text-align: center;\"><span style=\"font-size: 14pt;\"><strong>Uplata se vr\u0161i na ime:<\/strong><\/span><\/p><p style=\"text-align: center;\"><span style=\"font-size: 14pt;\">\u201eUdru\u017eenje za podr\u0161ku i kreativni razvoj djece i mladih\u201c<\/span><\/p><p style=\"text-align: center;\"><span style=\"font-size: 14pt;\">Dragodol bb, Tuzla 75000<\/span><\/p><table><tbody><tr><td width=\"461\"><p><span style=\"font-size: 14pt;\"><strong>Za uplate iz inostranstva:<\/strong><\/span><\/p><\/td><td width=\"461\"><p><span style=\"font-size: 14pt;\"><strong>Za uplate iz BiH:<\/strong><\/span><\/p><\/td><\/tr><tr><td width=\"461\"><p><span style=\"font-size: 14pt;\">Account with Institution: Acc: NLB Tuzlanska banka dd Tuzla BIC: TBTUBA22XXX Beneficiary Customer: IBAN:BA391321010301817011<\/span><\/p><\/td><td width=\"461\"><p><span style=\"font-size: 14pt;\">Broj ra\u010duna: 1321002006400388 Mati\u010dni broj: 4209926030001<\/span><\/p><\/td><\/tr><\/tbody><\/table><p style=\"text-align: center;\"><strong><span style=\"font-size: 14pt;\">KONTAKT<\/span><\/strong><\/p><p style=\"text-align: center;\"><span style=\"font-size: 14pt;\">Dr. sci. Medina Vanti\u0107-Tanji\u0107, redovni profesor<\/span><\/p><p style=\"text-align: center;\"><span style=\"font-size: 14pt;\">kreativnirazvoj@gmail.com<\/span><\/p><p style=\"text-align: center;\"><span style=\"font-size: 14pt;\">+387 (0) 61 146 425; +387 (0) 35 281 55341<\/span><\/p><\/div>\n\t\t\t\t<\/div>\n\t\t\t\t<\/div>\n\t\t\t\t<div class=\"elementor-element elementor-element-dcf493a elementor-widget elementor-widget-heading\" data-id=\"dcf493a\" data-element_type=\"widget\" data-widget_type=\"heading.default\">\n\t\t\t\t<div class=\"elementor-widget-container\">\n\t\t\t<h2 class=\"elementor-heading-title elementor-size-default\">Zlatibor <\/h2>\t\t<\/div>\n\t\t\t\t<\/div>\n\t\t\t\t<div class=\"elementor-element elementor-element-15973b1 elementor-widget elementor-widget-text-editor\" data-id=\"15973b1\" data-element_type=\"widget\" data-widget_type=\"text-editor.default\">\n\t\t\t\t<div class=\"elementor-widget-container\">\n\t\t\t\t\t<div class=\"elementor-text-editor elementor-clearfix\"><p><a href=\"http:\/\/erf.untz.ba\/web\/wp-content\/uploads\/2026\/01\/ZLATIBOR-CENTAR-TOZlatibor-14.jpeg\"><img loading=\"lazy\" class=\"size-medium wp-image-4041 alignleft\" src=\"http:\/\/erf.untz.ba\/web\/wp-content\/uploads\/2026\/01\/ZLATIBOR-CENTAR-TOZlatibor-14-300x225.jpeg\" alt=\"\" width=\"300\" height=\"225\" srcset=\"http:\/\/erf.untz.ba\/web\/wp-content\/uploads\/2026\/01\/ZLATIBOR-CENTAR-TOZlatibor-14-300x225.jpeg 300w, http:\/\/erf.untz.ba\/web\/wp-content\/uploads\/2026\/01\/ZLATIBOR-CENTAR-TOZlatibor-14-1024x768.jpeg 1024w, http:\/\/erf.untz.ba\/web\/wp-content\/uploads\/2026\/01\/ZLATIBOR-CENTAR-TOZlatibor-14-768x576.jpeg 768w, http:\/\/erf.untz.ba\/web\/wp-content\/uploads\/2026\/01\/ZLATIBOR-CENTAR-TOZlatibor-14-360x270.jpeg 360w, http:\/\/erf.untz.ba\/web\/wp-content\/uploads\/2026\/01\/ZLATIBOR-CENTAR-TOZlatibor-14.jpeg 1500w\" sizes=\"(max-width: 300px) 100vw, 300px\" \/><\/a><\/p><p style=\"text-align: justify;\" data-start=\"42\" data-end=\"447\"><span style=\"font-size: 14pt;\">Juni na <strong>Zlatiboru<\/strong> nudi predivno proljetno-ljetno iskustvo s blagom klimom (oko 20-25\u00b0C dnevno), idealno za u\u017eivanje u prirodi kroz planinarenje, vo\u017enju gondolom, \u0161etnje po jezeru i istra\u017eivanje etno-sela, uz bujnu vegetaciju i svje\u017e zrak, savr\u0161eno za bijeg od ljetnih vru\u0107ina i punjenje energijom.<span class=\"uJ19be notranslate\" data-wiz-uids=\"t4vpj_c,t4vpj_d\"><span class=\"vKEkVd\" data-animation-atomic=\"\" data-wiz-attrbind=\"class=t4vpj_b\/TKHnVd\">\u00a0<\/span><\/span> Smje\u0161ten na idealnoj nadmorskoj visini, Zlatibor tokom cijele godine nudi ugodnu atmosferu za rad, odmor i inspiraciju, \u0161to ga \u010dini izuzetno pogodnim mjestom za organizaciju konferencija i stru\u010dnih skupova.<\/span><\/p><p style=\"text-align: justify;\" data-start=\"449\" data-end=\"850\"><span style=\"font-size: 14pt;\">Osim prirodnih ljepota, Zlatibor raspola\u017ee modernim hotelskim i kongresnim kapacitetima, opremljenim savremenom tehni\u010dkom infrastrukturom, \u0161to omogu\u0107ava kvalitetnu realizaciju nau\u010dnih, stru\u010dnih i poslovnih doga\u0111aja. U\u010desnici konferencija imaju priliku da, uz radni dio, u\u017eivaju u \u0161etnjama, \u010distom planinskom zraku i bogatoj gastronomskoj ponudi zasnovanoj na tradicionalnim specijalitetima ovog kraja.<\/span><\/p><p style=\"text-align: justify;\" data-start=\"852\" data-end=\"1248\" data-is-last-node=\"\" data-is-only-node=\"\"><span style=\"font-size: 14pt;\">Posebnu vrijednost Zlatiboru daju brojni izleti i sadr\u017eaji u neposrednoj okolini \u2013 planina Tornik, Ribni\u010dko jezero, Stopi\u0107a pe\u0107ina i etno-sela \u2013 koji dodatno oboga\u0107uju boravak i stvaraju prostor za neformalno umre\u017eavanje i razmjenu ideja. Upravo spoj prirode, komfora i profesionalnog ambijenta \u010dini Zlatibor idealnim mjestom za doga\u0111aje koji \u017eele ostaviti sna\u017ean i dugotrajan utisak na u\u010desnike.<\/span><\/p><\/div>\n\t\t\t\t<\/div>\n\t\t\t\t<\/div>\n\t\t\t\t\t\t<\/div>\n\t\t\t<\/div>\n\t\t<\/div>\n\t\t\t\t\t\t<\/div>\n\t\t\t<\/div>\n\t\t<\/section>\n\t\t\t\t<section class=\"elementor-element elementor-element-9544bdf elementor-section-boxed elementor-section-height-default elementor-section-height-default elementor-section elementor-top-section\" data-id=\"9544bdf\" data-element_type=\"section\">\n\t\t\t\t\t\t<div class=\"elementor-container elementor-column-gap-default\">\n\t\t\t\t<div class=\"elementor-row\">\n\t\t\t\t<div class=\"elementor-element elementor-element-a2c0cbd elementor-column elementor-col-100 elementor-top-column\" data-id=\"a2c0cbd\" data-element_type=\"column\">\n\t\t\t<div class=\"elementor-column-wrap  elementor-element-populated\">\n\t\t\t\t\t<div class=\"elementor-widget-wrap\">\n\t\t\t\t<div class=\"elementor-element elementor-element-260da02 elementor-widget elementor-widget-google_maps\" data-id=\"260da02\" data-element_type=\"widget\" data-widget_type=\"google_maps.default\">\n\t\t\t\t<div class=\"elementor-widget-container\">\n\t\t\t<div class=\"elementor-custom-embed\"><iframe frameborder=\"0\" scrolling=\"no\" marginheight=\"0\" marginwidth=\"0\" src=\"https:\/\/maps.google.com\/maps?q=Hotel%20Queen%20Zlatibor&amp;t=m&amp;z=17&amp;output=embed&amp;iwloc=near\" aria-label=\"Hotel Queen Zlatibor\"><\/iframe><\/div>\t\t<\/div>\n\t\t\t\t<\/div>\n\t\t\t\t\t\t<\/div>\n\t\t\t<\/div>\n\t\t<\/div>\n\t\t\t\t\t\t<\/div>\n\t\t\t<\/div>\n\t\t<\/section>\n\t\t\t\t\t\t<\/div>\n\t\t\t<\/div>\n\t\t<\/div>\n\t\t","protected":false},"excerpt":{"rendered":"<p>Udru\u017eenje za podr\u0161ku i kreativni razvoj djece i mladih i Edukacijsko-rehabilitacijski fakultet organizuju XVII Me\u0111unarodnu nau\u010dno-stru\u010dnu konferenciju &nbsp; &nbsp; &nbsp; &nbsp; &nbsp; Poziv se mo\u017ee prona\u0107i na sljede\u0107em&nbsp;&nbsp; &nbsp; &nbsp; &nbsp; &nbsp;L I N K U Prijavni obrazac se mo\u017ee prona\u0107i na sljede\u0107em L I N K U Informacije o mjestu odr\u017eavanja konferencije mogu se prona\u0107i na <a href=\"http:\/\/erf.untz.ba\/web\/unapredenjekvalitetezivota\/\" class=\"read-more\">Vi\u0161e&#8230;<\/a><\/p>\n","protected":false},"author":2,"featured_media":4044,"parent":0,"menu_order":0,"comment_status":"closed","ping_status":"closed","template":"","meta":[],"_links":{"self":[{"href":"http:\/\/erf.untz.ba\/web\/wp-json\/wp\/v2\/pages\/134"}],"collection":[{"href":"http:\/\/erf.untz.ba\/web\/wp-json\/wp\/v2\/pages"}],"about":[{"href":"http:\/\/erf.untz.ba\/web\/wp-json\/wp\/v2\/types\/page"}],"author":[{"embeddable":true,"href":"http:\/\/erf.untz.ba\/web\/wp-json\/wp\/v2\/users\/2"}],"replies":[{"embeddable":true,"href":"http:\/\/erf.untz.ba\/web\/wp-json\/wp\/v2\/comments?post=134"}],"version-history":[{"count":0,"href":"http:\/\/erf.untz.ba\/web\/wp-json\/wp\/v2\/pages\/134\/revisions"}],"wp:featuredmedia":[{"embeddable":true,"href":"http:\/\/erf.untz.ba\/web\/wp-json\/wp\/v2\/media\/4044"}],"wp:attachment":[{"href":"http:\/\/erf.untz.ba\/web\/wp-json\/wp\/v2\/media?parent=134"}],"curies":[{"name":"wp","href":"https:\/\/api.w.org\/{rel}","templated":true}]}}